{"id":379,"date":"2023-06-28T21:10:46","date_gmt":"2023-06-29T01:10:46","guid":{"rendered":"https:\/\/mejicano.ca\/?page_id=379"},"modified":"2023-07-12T10:32:20","modified_gmt":"2023-07-12T14:32:20","slug":"recipes","status":"publish","type":"page","link":"https:\/\/mejicano.ca\/en\/recipes\/","title":{"rendered":"Recipes"},"content":{"rendered":"<section class=\"wpb-content-wrapper\"><p>[vc_row el_id=&#8221;recettes&#8221;][vc_column][vc_column_text]<\/p>\n<h2 style=\"text-align: center;\">Our recipes<\/h2>\n<p>[\/vc_column_text][vc_separator color=&#8221;custom&#8221; border_width=&#8221;6&#8243; css_animation=&#8221;flipInX&#8221; accent_color=&#8221;#daabaa&#8221; el_class=&#8221;split-mejicano&#8221;][vc_basic_grid post_type=&#8221;wl_recettes&#8221; max_items=&#8221;-1&#8243; style=&#8221;pagination&#8221; items_per_page=&#8221;100&#8243; show_filter=&#8221;yes&#8221; gap=&#8221;0&#8243; filter_color=&#8221;black&#8221; paging_design=&#8221;none&#8221; item=&#8221;396&#8243; initial_loading_animation=&#8221;wobble&#8221; grid_id=&#8221;vc_gid:1689172314981-38c5917f-7675-1&#8243; filter_source=&#8221;wl_recettes_cat&#8221;][\/vc_column][\/vc_row]<\/p>\n<\/section>","protected":false},"excerpt":{"rendered":"<p>[vc_row el_id=&#8221;recettes&#8221;][vc_column][vc_column_text] Our recipes [\/vc_column_text][vc_separator color=&#8221;custom&#8221; border_width=&#8221;6&#8243; css_animation=&#8221;flipInX&#8221; accent_color=&#8221;#daabaa&#8221; el_class=&#8221;split-mejicano&#8221;][vc_basic_grid post_type=&#8221;wl_recettes&#8221; max_items=&#8221;-1&#8243; style=&#8221;pagination&#8221; items_per_page=&#8221;100&#8243; show_filter=&#8221;yes&#8221; gap=&#8221;0&#8243; filter_color=&#8221;black&#8221; paging_design=&#8221;none&#8221; item=&#8221;396&#8243; initial_loading_animation=&#8221;wobble&#8221; grid_id=&#8221;vc_gid:1689172314981-38c5917f-7675-1&#8243; filter_source=&#8221;wl_recettes_cat&#8221;][\/vc_column][\/vc_row] [&#8230;]<\/p>\n<p><a class=\"btn btn-secondary understrap-read-more-link\" href=\"https:\/\/mejicano.ca\/en\/recipes\/\">Read More&#8230;<span class=\"screen-reader-text\"> from Recipes<\/span><\/a><\/p>\n","protected":false},"author":2,"featured_media":0,"parent":0,"menu_order":0,"comment_status":"closed","ping_status":"closed","template":"page-templates\/fullwidthpage.php","meta":[],"acf":[],"yoast_head":"<!-- This site is optimized with the Yoast SEO plugin v19.10 - https:\/\/yoast.com\/wordpress\/plugins\/seo\/ -->\n<title>Mejicano | Tortillas faites au Qu\u00e9bec | La fiesta dans votre assiette!<\/title>\n<meta name=\"description\" content=\"Laissez-vous inspirer par les recettes et les diff\u00e9rentes vari\u00e9t\u00e9s de tortillas faites au Qu\u00e9bec par Mejicano. Un monde de saveur vous y attend!\" \/>\n<meta name=\"robots\" content=\"index, follow, max-snippet:-1, max-image-preview:large, max-video-preview:-1\" \/>\n<link rel=\"canonical\" href=\"https:\/\/mejicano.ca\/en\/recipes\/\" \/>\n<meta property=\"og:locale\" content=\"en_US\" \/>\n<meta property=\"og:type\" content=\"article\" \/>\n<meta property=\"og:title\" content=\"Mejicano | Tortillas faites au Qu\u00e9bec | La fiesta dans votre assiette!\" \/>\n<meta property=\"og:description\" content=\"Laissez-vous inspirer par les recettes et les diff\u00e9rentes vari\u00e9t\u00e9s de tortillas faites au Qu\u00e9bec par Mejicano. Un monde de saveur vous y attend!\" \/>\n<meta property=\"og:url\" content=\"https:\/\/mejicano.ca\/en\/recipes\/\" \/>\n<meta property=\"og:site_name\" content=\"Mejicano\" \/>\n<meta property=\"article:modified_time\" content=\"2023-07-12T14:32:20+00:00\" \/>\n<meta name=\"twitter:card\" content=\"summary_large_image\" \/>\n<meta name=\"twitter:label1\" content=\"Est. reading time\" \/>\n\t<meta name=\"twitter:data1\" content=\"1 minute\" \/>\n<script type=\"application\/ld+json\" class=\"yoast-schema-graph\">{\"@context\":\"https:\/\/schema.org\",\"@graph\":[{\"@type\":\"WebPage\",\"@id\":\"https:\/\/mejicano.ca\/en\/recipes\/\",\"url\":\"https:\/\/mejicano.ca\/en\/recipes\/\",\"name\":\"Mejicano | Tortillas faites au Qu\u00e9bec | La fiesta dans votre assiette!\",\"isPartOf\":{\"@id\":\"https:\/\/mejicano.ca\/#website\"},\"datePublished\":\"2023-06-29T01:10:46+00:00\",\"dateModified\":\"2023-07-12T14:32:20+00:00\",\"description\":\"Laissez-vous inspirer par les recettes et les diff\u00e9rentes vari\u00e9t\u00e9s de tortillas faites au Qu\u00e9bec par Mejicano. Un monde de saveur vous y attend!\",\"breadcrumb\":{\"@id\":\"https:\/\/mejicano.ca\/en\/recipes\/#breadcrumb\"},\"inLanguage\":\"en-US\",\"potentialAction\":[{\"@type\":\"ReadAction\",\"target\":[\"https:\/\/mejicano.ca\/en\/recipes\/\"]}]},{\"@type\":\"BreadcrumbList\",\"@id\":\"https:\/\/mejicano.ca\/en\/recipes\/#breadcrumb\",\"itemListElement\":[{\"@type\":\"ListItem\",\"position\":1,\"name\":\"Accueil\",\"item\":\"https:\/\/mejicano.ca\/en\/\"},{\"@type\":\"ListItem\",\"position\":2,\"name\":\"Recipes\"}]},{\"@type\":\"WebSite\",\"@id\":\"https:\/\/mejicano.ca\/#website\",\"url\":\"https:\/\/mejicano.ca\/\",\"name\":\"Mejicano\",\"description\":\"Un site utilisant WordPress\",\"publisher\":{\"@id\":\"https:\/\/mejicano.ca\/#organization\"},\"potentialAction\":[{\"@type\":\"SearchAction\",\"target\":{\"@type\":\"EntryPoint\",\"urlTemplate\":\"https:\/\/mejicano.ca\/?s={search_term_string}\"},\"query-input\":\"required name=search_term_string\"}],\"inLanguage\":\"en-US\"},{\"@type\":\"Organization\",\"@id\":\"https:\/\/mejicano.ca\/#organization\",\"name\":\"Mejicano\",\"url\":\"https:\/\/mejicano.ca\/\",\"logo\":{\"@type\":\"ImageObject\",\"inLanguage\":\"en-US\",\"@id\":\"https:\/\/mejicano.ca\/#\/schema\/logo\/image\/\",\"url\":\"https:\/\/mejicano.ca\/wp-content\/uploads\/2019\/06\/mejicano-logo.png\",\"contentUrl\":\"https:\/\/mejicano.ca\/wp-content\/uploads\/2019\/06\/mejicano-logo.png\",\"width\":422,\"height\":315,\"caption\":\"Mejicano\"},\"image\":{\"@id\":\"https:\/\/mejicano.ca\/#\/schema\/logo\/image\/\"}}]}<\/script>\n<!-- \/ Yoast SEO plugin. -->","yoast_head_json":{"title":"Mejicano | Tortillas faites au Qu\u00e9bec | La fiesta dans votre assiette!","description":"Laissez-vous inspirer par les recettes et les diff\u00e9rentes vari\u00e9t\u00e9s de tortillas faites au Qu\u00e9bec par Mejicano. Un monde de saveur vous y attend!","robots":{"index":"index","follow":"follow","max-snippet":"max-snippet:-1","max-image-preview":"max-image-preview:large","max-video-preview":"max-video-preview:-1"},"canonical":"https:\/\/mejicano.ca\/en\/recipes\/","og_locale":"en_US","og_type":"article","og_title":"Mejicano | Tortillas faites au Qu\u00e9bec | La fiesta dans votre assiette!","og_description":"Laissez-vous inspirer par les recettes et les diff\u00e9rentes vari\u00e9t\u00e9s de tortillas faites au Qu\u00e9bec par Mejicano. Un monde de saveur vous y attend!","og_url":"https:\/\/mejicano.ca\/en\/recipes\/","og_site_name":"Mejicano","article_modified_time":"2023-07-12T14:32:20+00:00","twitter_card":"summary_large_image","twitter_misc":{"Est. reading time":"1 minute"},"schema":{"@context":"https:\/\/schema.org","@graph":[{"@type":"WebPage","@id":"https:\/\/mejicano.ca\/en\/recipes\/","url":"https:\/\/mejicano.ca\/en\/recipes\/","name":"Mejicano | Tortillas faites au Qu\u00e9bec | La fiesta dans votre assiette!","isPartOf":{"@id":"https:\/\/mejicano.ca\/#website"},"datePublished":"2023-06-29T01:10:46+00:00","dateModified":"2023-07-12T14:32:20+00:00","description":"Laissez-vous inspirer par les recettes et les diff\u00e9rentes vari\u00e9t\u00e9s de tortillas faites au Qu\u00e9bec par Mejicano. Un monde de saveur vous y attend!","breadcrumb":{"@id":"https:\/\/mejicano.ca\/en\/recipes\/#breadcrumb"},"inLanguage":"en-US","potentialAction":[{"@type":"ReadAction","target":["https:\/\/mejicano.ca\/en\/recipes\/"]}]},{"@type":"BreadcrumbList","@id":"https:\/\/mejicano.ca\/en\/recipes\/#breadcrumb","itemListElement":[{"@type":"ListItem","position":1,"name":"Accueil","item":"https:\/\/mejicano.ca\/en\/"},{"@type":"ListItem","position":2,"name":"Recipes"}]},{"@type":"WebSite","@id":"https:\/\/mejicano.ca\/#website","url":"https:\/\/mejicano.ca\/","name":"Mejicano","description":"Un site utilisant WordPress","publisher":{"@id":"https:\/\/mejicano.ca\/#organization"},"potentialAction":[{"@type":"SearchAction","target":{"@type":"EntryPoint","urlTemplate":"https:\/\/mejicano.ca\/?s={search_term_string}"},"query-input":"required name=search_term_string"}],"inLanguage":"en-US"},{"@type":"Organization","@id":"https:\/\/mejicano.ca\/#organization","name":"Mejicano","url":"https:\/\/mejicano.ca\/","logo":{"@type":"ImageObject","inLanguage":"en-US","@id":"https:\/\/mejicano.ca\/#\/schema\/logo\/image\/","url":"https:\/\/mejicano.ca\/wp-content\/uploads\/2019\/06\/mejicano-logo.png","contentUrl":"https:\/\/mejicano.ca\/wp-content\/uploads\/2019\/06\/mejicano-logo.png","width":422,"height":315,"caption":"Mejicano"},"image":{"@id":"https:\/\/mejicano.ca\/#\/schema\/logo\/image\/"}}]}},"_links":{"self":[{"href":"https:\/\/mejicano.ca\/en\/wp-json\/wp\/v2\/pages\/379"}],"collection":[{"href":"https:\/\/mejicano.ca\/en\/wp-json\/wp\/v2\/pages"}],"about":[{"href":"https:\/\/mejicano.ca\/en\/wp-json\/wp\/v2\/types\/page"}],"author":[{"embeddable":true,"href":"https:\/\/mejicano.ca\/en\/wp-json\/wp\/v2\/users\/2"}],"replies":[{"embeddable":true,"href":"https:\/\/mejicano.ca\/en\/wp-json\/wp\/v2\/comments?post=379"}],"version-history":[{"count":3,"href":"https:\/\/mejicano.ca\/en\/wp-json\/wp\/v2\/pages\/379\/revisions"}],"predecessor-version":[{"id":712,"href":"https:\/\/mejicano.ca\/en\/wp-json\/wp\/v2\/pages\/379\/revisions\/712"}],"wp:attachment":[{"href":"https:\/\/mejicano.ca\/en\/wp-json\/wp\/v2\/media?parent=379"}],"curies":[{"name":"wp","href":"https:\/\/api.w.org\/{rel}","templated":true}]}}